{"id":11,"date":"2021-04-28T14:37:50","date_gmt":"2021-04-28T12:37:50","guid":{"rendered":"https:\/\/www.freibad-zilly.de\/?page_id=11"},"modified":"2024-07-12T12:17:51","modified_gmt":"2024-07-12T10:17:51","slug":"startseite","status":"publish","type":"page","link":"https:\/\/www.freibad-zilly.de\/","title":{"rendered":"Herzlich Willkommen!"},"content":{"rendered":"\n<p>&#8230;. hier oder auch auf Instagram <\/p>\n\n\n\n<figure class=\"wp-block-image aligncenter size-large is-resized\"><a href=\"https:\/\/www.instagram.com\/freibad_zilly\/?igsh=MXZkMTY5d2NvNmQ0ZA%3D%3D \"><img loading=\"lazy\" decoding=\"async\" src=\"https:\/\/www.freibad-zilly.de\/wp-content\/uploads\/2024\/07\/insta_freibad-853x1024.jpg\" alt=\"\" class=\"wp-image-265\" width=\"258\" height=\"310\" srcset=\"https:\/\/www.freibad-zilly.de\/wp-content\/uploads\/2024\/07\/insta_freibad-853x1024.jpg 853w, https:\/\/www.freibad-zilly.de\/wp-content\/uploads\/2024\/07\/insta_freibad-250x300.jpg 250w, https:\/\/www.freibad-zilly.de\/wp-content\/uploads\/2024\/07\/insta_freibad-768x922.jpg 768w, https:\/\/www.freibad-zilly.de\/wp-content\/uploads\/2024\/07\/insta_freibad-50x60.jpg 50w, https:\/\/www.freibad-zilly.de\/wp-content\/uploads\/2024\/07\/insta_freibad-97x116.jpg 97w, https:\/\/www.freibad-zilly.de\/wp-content\/uploads\/2024\/07\/insta_freibad.jpg 1000w\" sizes=\"auto, (max-width: 258px) 100vw, 258px\" \/><\/a><figcaption class=\"wp-element-caption\"><a href=\"https:\/\/www.instagram.com\/freibad_zilly?igsh=MXZkMTY5d2NvNmQ0ZA==\" target=\"_blank\" rel=\"noreferrer noopener\">BATZE (@freibad_zilly) \u2022 Instagram-Fotos und -Videos<\/a><\/figcaption><\/figure>\n\n\n\n<p style=\"font-size:clamp(26.465px, 1.654rem + ((1vw - 3.2px) * 1.817), 45px);px\">Wir freuen uns \u00fcber Deinen Besuch!<\/p>\n\n\n\n<p class=\"has-black-color has-text-color\"><strong><span style=\"color: #000000;\" class=\"ugb-highlight\">In unserem kleinen und sehr sch\u00f6nen Freibad warten auf dich drei Schwimmbecken f\u00fcr Schwimmer, Nichtschwimmer und ein Planschbecken, eine Doppelwasserrutsche, Wasserspielzeug f\u00fcr Gro\u00df und Klein, ein Volleyballfeld und eine Tischtennisplatte, ein Kinderspielplatz und ganz viel Platz zum Liegen und Entspannen in der Sonne oder im Schatten.<\/span><\/strong><\/p>\n\n\n\n<p class=\"has-black-color has-text-color\"><strong><span style=\"color: #000000;\" class=\"ugb-highlight\">Hungrig und durstig? Kein Problem, schau in unserem Kiosk vorbei.<\/span><\/strong><\/p>\n\n\n\n<figure class=\"wp-block-image size-full\"><img loading=\"lazy\" decoding=\"async\" width=\"1200\" height=\"675\" src=\"https:\/\/www.freibad-zilly.de\/wp-content\/uploads\/2021\/05\/20190611_192022.jpg\" alt=\"\" class=\"wp-image-31\" srcset=\"https:\/\/www.freibad-zilly.de\/wp-content\/uploads\/2021\/05\/20190611_192022.jpg 1200w, https:\/\/www.freibad-zilly.de\/wp-content\/uploads\/2021\/05\/20190611_192022-107x60.jpg 107w, https:\/\/www.freibad-zilly.de\/wp-content\/uploads\/2021\/05\/20190611_192022-840x473.jpg 840w, https:\/\/www.freibad-zilly.de\/wp-content\/uploads\/2021\/05\/20190611_192022-300x169.jpg 300w, https:\/\/www.freibad-zilly.de\/wp-content\/uploads\/2021\/05\/20190611_192022-768x432.jpg 768w, https:\/\/www.freibad-zilly.de\/wp-content\/uploads\/2021\/05\/20190611_192022-1024x576.jpg 1024w, https:\/\/www.freibad-zilly.de\/wp-content\/uploads\/2021\/05\/20190611_192022-206x116.jpg 206w\" sizes=\"auto, (max-width: 1200px) 100vw, 1200px\" \/><\/figure>\n\n\n\n<figure class=\"wp-block-image size-full\"><img loading=\"lazy\" decoding=\"async\" width=\"1200\" height=\"900\" src=\"https:\/\/www.freibad-zilly.de\/wp-content\/uploads\/2019\/05\/IMG-20190602-WA0004.jpg\" alt=\"\" class=\"wp-image-84\" srcset=\"https:\/\/www.freibad-zilly.de\/wp-content\/uploads\/2019\/05\/IMG-20190602-WA0004.jpg 1200w, https:\/\/www.freibad-zilly.de\/wp-content\/uploads\/2019\/05\/IMG-20190602-WA0004-300x225.jpg 300w, https:\/\/www.freibad-zilly.de\/wp-content\/uploads\/2019\/05\/IMG-20190602-WA0004-768x576.jpg 768w, https:\/\/www.freibad-zilly.de\/wp-content\/uploads\/2019\/05\/IMG-20190602-WA0004-1024x768.jpg 1024w, https:\/\/www.freibad-zilly.de\/wp-content\/uploads\/2019\/05\/IMG-20190602-WA0004-80x60.jpg 80w, https:\/\/www.freibad-zilly.de\/wp-content\/uploads\/2019\/05\/IMG-20190602-WA0004-155x116.jpg 155w\" sizes=\"auto, (max-width: 1200px) 100vw, 1200px\" \/><\/figure>\n\n\n\n<figure class=\"wp-block-gallery has-nested-images columns-default wp-block-gallery-1 is-layout-flex wp-block-gallery-is-layout-flex\">\n<figure class=\"wp-block-image size-full\"><img loading=\"lazy\" decoding=\"async\" width=\"1200\" height=\"675\" data-id=\"219\" src=\"https:\/\/www.freibad-zilly.de\/wp-content\/uploads\/2021\/05\/20190830_203250.jpg\" alt=\"\" class=\"wp-image-219\" srcset=\"https:\/\/www.freibad-zilly.de\/wp-content\/uploads\/2021\/05\/20190830_203250.jpg 1200w, https:\/\/www.freibad-zilly.de\/wp-content\/uploads\/2021\/05\/20190830_203250-300x169.jpg 300w, https:\/\/www.freibad-zilly.de\/wp-content\/uploads\/2021\/05\/20190830_203250-768x432.jpg 768w, https:\/\/www.freibad-zilly.de\/wp-content\/uploads\/2021\/05\/20190830_203250-1024x576.jpg 1024w, https:\/\/www.freibad-zilly.de\/wp-content\/uploads\/2021\/05\/20190830_203250-107x60.jpg 107w, https:\/\/www.freibad-zilly.de\/wp-content\/uploads\/2021\/05\/20190830_203250-840x473.jpg 840w, https:\/\/www.freibad-zilly.de\/wp-content\/uploads\/2021\/05\/20190830_203250-206x116.jpg 206w\" sizes=\"auto, (max-width: 1200px) 100vw, 1200px\" \/><\/figure>\n<\/figure>\n\n\n\n<figure class=\"wp-block-image size-large\"><img loading=\"lazy\" decoding=\"async\" width=\"1024\" height=\"768\" src=\"https:\/\/www.freibad-zilly.de\/wp-content\/uploads\/2021\/05\/IMG-20190602-WA0003-1024x768.jpg\" alt=\"\" class=\"wp-image-221\" srcset=\"https:\/\/www.freibad-zilly.de\/wp-content\/uploads\/2021\/05\/IMG-20190602-WA0003-1024x768.jpg 1024w, https:\/\/www.freibad-zilly.de\/wp-content\/uploads\/2021\/05\/IMG-20190602-WA0003-300x225.jpg 300w, https:\/\/www.freibad-zilly.de\/wp-content\/uploads\/2021\/05\/IMG-20190602-WA0003-768x576.jpg 768w, https:\/\/www.freibad-zilly.de\/wp-content\/uploads\/2021\/05\/IMG-20190602-WA0003-80x60.jpg 80w, https:\/\/www.freibad-zilly.de\/wp-content\/uploads\/2021\/05\/IMG-20190602-WA0003-155x116.jpg 155w, https:\/\/www.freibad-zilly.de\/wp-content\/uploads\/2021\/05\/IMG-20190602-WA0003.jpg 1200w\" sizes=\"auto, (max-width: 1024px) 100vw, 1024px\" \/><\/figure>\n\n\n\n<figure class=\"wp-block-image size-large\"><img loading=\"lazy\" decoding=\"async\" width=\"1024\" height=\"576\" src=\"https:\/\/www.freibad-zilly.de\/wp-content\/uploads\/2021\/05\/20190830_190348-1024x576.jpg\" alt=\"\" class=\"wp-image-222\" srcset=\"https:\/\/www.freibad-zilly.de\/wp-content\/uploads\/2021\/05\/20190830_190348-1024x576.jpg 1024w, https:\/\/www.freibad-zilly.de\/wp-content\/uploads\/2021\/05\/20190830_190348-300x169.jpg 300w, https:\/\/www.freibad-zilly.de\/wp-content\/uploads\/2021\/05\/20190830_190348-768x432.jpg 768w, https:\/\/www.freibad-zilly.de\/wp-content\/uploads\/2021\/05\/20190830_190348-107x60.jpg 107w, https:\/\/www.freibad-zilly.de\/wp-content\/uploads\/2021\/05\/20190830_190348-840x473.jpg 840w, https:\/\/www.freibad-zilly.de\/wp-content\/uploads\/2021\/05\/20190830_190348-206x116.jpg 206w, https:\/\/www.freibad-zilly.de\/wp-content\/uploads\/2021\/05\/20190830_190348.jpg 1200w\" sizes=\"auto, (max-width: 1024px) 100vw, 1024px\" \/><\/figure>\n\n\n\n<figure class=\"wp-block-image size-large\"><img decoding=\"async\" src=\"blob:https:\/\/www.freibad-zilly.de\/67d5daa8-1ef5-443e-9ac7-452c4baf63b0\" alt=\"\"\/><\/figure>\n\n\n\n<p><\/p>\n\n\n\n<figure class=\"wp-block-image size-large\"><img loading=\"lazy\" decoding=\"async\" width=\"1024\" height=\"576\" src=\"https:\/\/www.freibad-zilly.de\/wp-content\/uploads\/2021\/05\/20190830_175055-1024x576.jpg\" alt=\"\" class=\"wp-image-218\" srcset=\"https:\/\/www.freibad-zilly.de\/wp-content\/uploads\/2021\/05\/20190830_175055-1024x576.jpg 1024w, https:\/\/www.freibad-zilly.de\/wp-content\/uploads\/2021\/05\/20190830_175055-300x169.jpg 300w, https:\/\/www.freibad-zilly.de\/wp-content\/uploads\/2021\/05\/20190830_175055-768x432.jpg 768w, https:\/\/www.freibad-zilly.de\/wp-content\/uploads\/2021\/05\/20190830_175055-107x60.jpg 107w, https:\/\/www.freibad-zilly.de\/wp-content\/uploads\/2021\/05\/20190830_175055-840x473.jpg 840w, https:\/\/www.freibad-zilly.de\/wp-content\/uploads\/2021\/05\/20190830_175055-206x116.jpg 206w, https:\/\/www.freibad-zilly.de\/wp-content\/uploads\/2021\/05\/20190830_175055.jpg 1200w\" sizes=\"auto, (max-width: 1024px) 100vw, 1024px\" \/><\/figure>\n\n\n\n\n\n<p><\/p>\n","protected":false},"excerpt":{"rendered":"<p>&#8230;. hier oder auch auf Instagram Wir freuen uns \u00fcber Deinen Besuch! In unserem kleinen und sehr sch\u00f6nen Freibad warten auf dich drei Schwimmbecken f\u00fcr Schwimmer, Nichtschwimmer und ein Planschbecken, eine Doppelwasserrutsche, Wasserspielzeug f\u00fcr Gro\u00df und Klein, ein Volleyballfeld und eine Tischtennisplatte, ein Kinderspielplatz und ganz viel Platz zum Liegen und Entspannen in der Sonne [&hellip;]<\/p>\n","protected":false},"author":1,"featured_media":0,"parent":0,"menu_order":0,"comment_status":"closed","ping_status":"open","template":"","meta":{"footnotes":""},"class_list":["post-11","page","type-page","status-publish","hentry"],"featured_image_urls":{"full":"","thumbnail":"","medium":"","medium_large":"","large":"","1536x1536":"","2048x2048":"","form-edit-image-preview":""},"post_excerpt_stackable":"<p>&#8230;. hier oder auch auf Instagram BATZE (@freibad_zilly) \u2022 Instagram-Fotos und -Videos Wir freuen uns \u00fcber Deinen Besuch! In unserem kleinen und sehr sch\u00f6nen Freibad warten auf dich drei Schwimmbecken f\u00fcr Schwimmer, Nichtschwimmer und ein Planschbecken, eine Doppelwasserrutsche, Wasserspielzeug f\u00fcr Gro\u00df und Klein, ein Volleyballfeld und eine Tischtennisplatte, ein Kinderspielplatz und ganz viel Platz zum Liegen und Entspannen in der Sonne oder im Schatten. Hungrig und durstig? Kein Problem, schau in unserem Kiosk vorbei.<\/p>\n","category_list":"","author_info":{"name":"admin","url":"https:\/\/www.freibad-zilly.de\/?author=1"},"comments_num":"0 comments","featured_image_urls_v2":{"full":"","thumbnail":"","medium":"","medium_large":"","large":"","1536x1536":"","2048x2048":"","form-edit-image-preview":""},"post_excerpt_stackable_v2":"<p>&#8230;. hier oder auch auf Instagram BATZE (@freibad_zilly) \u2022 Instagram-Fotos und -Videos Wir freuen uns \u00fcber Deinen Besuch! In unserem kleinen und sehr sch\u00f6nen Freibad warten auf dich drei Schwimmbecken f\u00fcr Schwimmer, Nichtschwimmer und ein Planschbecken, eine Doppelwasserrutsche, Wasserspielzeug f\u00fcr Gro\u00df und Klein, ein Volleyballfeld und eine Tischtennisplatte, ein Kinderspielplatz und ganz viel Platz zum Liegen und Entspannen in der Sonne oder im Schatten. Hungrig und durstig? Kein Problem, schau in unserem Kiosk vorbei.<\/p>\n","category_list_v2":"","author_info_v2":{"name":"admin","url":"https:\/\/www.freibad-zilly.de\/?author=1"},"comments_num_v2":"0 comments","yoast_head":"<!-- This site is optimized with the Yoast SEO plugin v27.3 - https:\/\/yoast.com\/product\/yoast-seo-wordpress\/ -->\n<title>Herzlich Willkommen! - Freibad Zilly e.V.<\/title>\n<meta name=\"robots\" content=\"noindex, follow, max-snippet:-1, max-image-preview:large, max-video-preview:-1\" \/>\n<meta property=\"og:locale\" content=\"de_DE\" \/>\n<meta property=\"og:type\" content=\"article\" \/>\n<meta property=\"og:title\" content=\"Herzlich Willkommen! - Freibad Zilly e.V.\" \/>\n<meta property=\"og:description\" content=\"&#8230;. hier oder auch auf Instagram Wir freuen uns \u00fcber Deinen Besuch! In unserem kleinen und sehr sch\u00f6nen Freibad warten auf dich drei Schwimmbecken f\u00fcr Schwimmer, Nichtschwimmer und ein Planschbecken, eine Doppelwasserrutsche, Wasserspielzeug f\u00fcr Gro\u00df und Klein, ein Volleyballfeld und eine Tischtennisplatte, ein Kinderspielplatz und ganz viel Platz zum Liegen und Entspannen in der Sonne [&hellip;]\" \/>\n<meta property=\"og:url\" content=\"https:\/\/www.freibad-zilly.de\/\" \/>\n<meta property=\"og:site_name\" content=\"Freibad Zilly e.V.\" \/>\n<meta property=\"article:modified_time\" content=\"2024-07-12T10:17:51+00:00\" \/>\n<meta property=\"og:image\" content=\"https:\/\/www.freibad-zilly.de\/wp-content\/uploads\/2024\/07\/insta_freibad.jpg\" \/>\n\t<meta property=\"og:image:width\" content=\"1000\" \/>\n\t<meta property=\"og:image:height\" content=\"1200\" \/>\n\t<meta property=\"og:image:type\" content=\"image\/jpeg\" \/>\n<meta name=\"twitter:card\" content=\"summary_large_image\" \/>\n<script type=\"application\/ld+json\" class=\"yoast-schema-graph\">{\"@context\":\"https:\\\/\\\/schema.org\",\"@graph\":[{\"@type\":\"WebPage\",\"@id\":\"https:\\\/\\\/www.freibad-zilly.de\\\/\",\"url\":\"https:\\\/\\\/www.freibad-zilly.de\\\/\",\"name\":\"Herzlich Willkommen! - Freibad Zilly e.V.\",\"isPartOf\":{\"@id\":\"https:\\\/\\\/www.freibad-zilly.de\\\/#website\"},\"primaryImageOfPage\":{\"@id\":\"https:\\\/\\\/www.freibad-zilly.de\\\/#primaryimage\"},\"image\":{\"@id\":\"https:\\\/\\\/www.freibad-zilly.de\\\/#primaryimage\"},\"thumbnailUrl\":\"https:\\\/\\\/www.freibad-zilly.de\\\/wp-content\\\/uploads\\\/2024\\\/07\\\/insta_freibad-853x1024.jpg\",\"datePublished\":\"2021-04-28T12:37:50+00:00\",\"dateModified\":\"2024-07-12T10:17:51+00:00\",\"breadcrumb\":{\"@id\":\"https:\\\/\\\/www.freibad-zilly.de\\\/#breadcrumb\"},\"inLanguage\":\"de\",\"potentialAction\":[{\"@type\":\"ReadAction\",\"target\":[\"https:\\\/\\\/www.freibad-zilly.de\\\/\"]}]},{\"@type\":\"ImageObject\",\"inLanguage\":\"de\",\"@id\":\"https:\\\/\\\/www.freibad-zilly.de\\\/#primaryimage\",\"url\":\"https:\\\/\\\/www.freibad-zilly.de\\\/wp-content\\\/uploads\\\/2024\\\/07\\\/insta_freibad.jpg\",\"contentUrl\":\"https:\\\/\\\/www.freibad-zilly.de\\\/wp-content\\\/uploads\\\/2024\\\/07\\\/insta_freibad.jpg\",\"width\":1000,\"height\":1200},{\"@type\":\"BreadcrumbList\",\"@id\":\"https:\\\/\\\/www.freibad-zilly.de\\\/#breadcrumb\",\"itemListElement\":[{\"@type\":\"ListItem\",\"position\":1,\"name\":\"Start\",\"item\":\"https:\\\/\\\/www.freibad-zilly.de\\\/\"},{\"@type\":\"ListItem\",\"position\":2,\"name\":\"Herzlich Willkommen!\"}]},{\"@type\":\"WebSite\",\"@id\":\"https:\\\/\\\/www.freibad-zilly.de\\\/#website\",\"url\":\"https:\\\/\\\/www.freibad-zilly.de\\\/\",\"name\":\"Freibad Zilly e.V.\",\"description\":\"\",\"potentialAction\":[{\"@type\":\"SearchAction\",\"target\":{\"@type\":\"EntryPoint\",\"urlTemplate\":\"https:\\\/\\\/www.freibad-zilly.de\\\/?s={search_term_string}\"},\"query-input\":{\"@type\":\"PropertyValueSpecification\",\"valueRequired\":true,\"valueName\":\"search_term_string\"}}],\"inLanguage\":\"de\"}]}<\/script>\n<!-- \/ Yoast SEO plugin. -->","yoast_head_json":{"title":"Herzlich Willkommen! - Freibad Zilly e.V.","robots":{"index":"noindex","follow":"follow","max-snippet":"max-snippet:-1","max-image-preview":"max-image-preview:large","max-video-preview":"max-video-preview:-1"},"og_locale":"de_DE","og_type":"article","og_title":"Herzlich Willkommen! - Freibad Zilly e.V.","og_description":"&#8230;. hier oder auch auf Instagram Wir freuen uns \u00fcber Deinen Besuch! In unserem kleinen und sehr sch\u00f6nen Freibad warten auf dich drei Schwimmbecken f\u00fcr Schwimmer, Nichtschwimmer und ein Planschbecken, eine Doppelwasserrutsche, Wasserspielzeug f\u00fcr Gro\u00df und Klein, ein Volleyballfeld und eine Tischtennisplatte, ein Kinderspielplatz und ganz viel Platz zum Liegen und Entspannen in der Sonne [&hellip;]","og_url":"https:\/\/www.freibad-zilly.de\/","og_site_name":"Freibad Zilly e.V.","article_modified_time":"2024-07-12T10:17:51+00:00","og_image":[{"width":1000,"height":1200,"url":"https:\/\/www.freibad-zilly.de\/wp-content\/uploads\/2024\/07\/insta_freibad.jpg","type":"image\/jpeg"}],"twitter_card":"summary_large_image","schema":{"@context":"https:\/\/schema.org","@graph":[{"@type":"WebPage","@id":"https:\/\/www.freibad-zilly.de\/","url":"https:\/\/www.freibad-zilly.de\/","name":"Herzlich Willkommen! - Freibad Zilly e.V.","isPartOf":{"@id":"https:\/\/www.freibad-zilly.de\/#website"},"primaryImageOfPage":{"@id":"https:\/\/www.freibad-zilly.de\/#primaryimage"},"image":{"@id":"https:\/\/www.freibad-zilly.de\/#primaryimage"},"thumbnailUrl":"https:\/\/www.freibad-zilly.de\/wp-content\/uploads\/2024\/07\/insta_freibad-853x1024.jpg","datePublished":"2021-04-28T12:37:50+00:00","dateModified":"2024-07-12T10:17:51+00:00","breadcrumb":{"@id":"https:\/\/www.freibad-zilly.de\/#breadcrumb"},"inLanguage":"de","potentialAction":[{"@type":"ReadAction","target":["https:\/\/www.freibad-zilly.de\/"]}]},{"@type":"ImageObject","inLanguage":"de","@id":"https:\/\/www.freibad-zilly.de\/#primaryimage","url":"https:\/\/www.freibad-zilly.de\/wp-content\/uploads\/2024\/07\/insta_freibad.jpg","contentUrl":"https:\/\/www.freibad-zilly.de\/wp-content\/uploads\/2024\/07\/insta_freibad.jpg","width":1000,"height":1200},{"@type":"BreadcrumbList","@id":"https:\/\/www.freibad-zilly.de\/#breadcrumb","itemListElement":[{"@type":"ListItem","position":1,"name":"Start","item":"https:\/\/www.freibad-zilly.de\/"},{"@type":"ListItem","position":2,"name":"Herzlich Willkommen!"}]},{"@type":"WebSite","@id":"https:\/\/www.freibad-zilly.de\/#website","url":"https:\/\/www.freibad-zilly.de\/","name":"Freibad Zilly e.V.","description":"","potentialAction":[{"@type":"SearchAction","target":{"@type":"EntryPoint","urlTemplate":"https:\/\/www.freibad-zilly.de\/?s={search_term_string}"},"query-input":{"@type":"PropertyValueSpecification","valueRequired":true,"valueName":"search_term_string"}}],"inLanguage":"de"}]}},"_links":{"self":[{"href":"https:\/\/www.freibad-zilly.de\/index.php?rest_route=\/wp\/v2\/pages\/11","targetHints":{"allow":["GET"]}}],"collection":[{"href":"https:\/\/www.freibad-zilly.de\/index.php?rest_route=\/wp\/v2\/pages"}],"about":[{"href":"https:\/\/www.freibad-zilly.de\/index.php?rest_route=\/wp\/v2\/types\/page"}],"author":[{"embeddable":true,"href":"https:\/\/www.freibad-zilly.de\/index.php?rest_route=\/wp\/v2\/users\/1"}],"replies":[{"embeddable":true,"href":"https:\/\/www.freibad-zilly.de\/index.php?rest_route=%2Fwp%2Fv2%2Fcomments&post=11"}],"version-history":[{"count":26,"href":"https:\/\/www.freibad-zilly.de\/index.php?rest_route=\/wp\/v2\/pages\/11\/revisions"}],"predecessor-version":[{"id":270,"href":"https:\/\/www.freibad-zilly.de\/index.php?rest_route=\/wp\/v2\/pages\/11\/revisions\/270"}],"wp:attachment":[{"href":"https:\/\/www.freibad-zilly.de\/index.php?rest_route=%2Fwp%2Fv2%2Fmedia&parent=11"}],"curies":[{"name":"wp","href":"https:\/\/api.w.org\/{rel}","templated":true}]}}