{"id":115,"date":"2021-05-23T12:11:55","date_gmt":"2021-05-23T10:11:55","guid":{"rendered":"https:\/\/www.freibad-zilly.de\/?page_id=115"},"modified":"2021-06-24T21:59:19","modified_gmt":"2021-06-24T19:59:19","slug":"mitglied-werden","status":"publish","type":"page","link":"https:\/\/www.freibad-zilly.de\/?page_id=115","title":{"rendered":"Mitglied werden"},"content":{"rendered":"\n<div class=\"wp-block-file\"><a href=\"https:\/\/www.freibad-zilly.de\/wp-content\/uploads\/2021\/05\/Aufnahmeantrag.pdf\">Hier ist unser Aufnahmeantrag<\/a><a href=\"https:\/\/www.freibad-zilly.de\/wp-content\/uploads\/2021\/05\/Aufnahmeantrag.pdf\" class=\"wp-block-file__button\" download>Herunterladen<\/a><\/div>\n\n\n\n\n\n<p>Du m\u00f6chtest Mitglied in unserem Verein werden? Dann HEREINSPAZIERT! Wir freuen uns sehr, dich als neues Mitglied begr\u00fc\u00dfen zu d\u00fcrfen. Einfach den Aufnahmeantrag ausf\u00fcllen, unterschreiben und an uns per Email oder Post schicken. Oder du bringst ihn zu deinem n\u00e4chsten Besuch im Freibad mit. Wir freuen UNS immer \u00fcber neue Mitglieder, denn nur so kannst DU an der Erhaltung und \u00fcber die Zukunft des wundersch\u00f6nen Freibades mitbestimmen.<\/p>\n\n\n\n<p>Die Mitgliedskosten pro Jahr sind wie folgt: <\/p>\n\n\n\n<p>30,00 EUR Kinder<\/p>\n\n\n\n<p>40,00 EUR Erwachsener<\/p>\n\n\n\n<p>60,00 EUR Familien \/ Ehepaare<\/p>\n","protected":false},"excerpt":{"rendered":"<p>Du m\u00f6chtest Mitglied in unserem Verein werden? Dann HEREINSPAZIERT! Wir freuen uns sehr, dich als neues Mitglied begr\u00fc\u00dfen zu d\u00fcrfen. Einfach den Aufnahmeantrag ausf\u00fcllen, unterschreiben und an uns per Email oder Post schicken. Oder du bringst ihn zu deinem n\u00e4chsten Besuch im Freibad mit. Wir freuen UNS immer \u00fcber neue Mitglieder, denn nur so kannst [&hellip;]<\/p>\n","protected":false},"author":2,"featured_media":82,"parent":0,"menu_order":0,"comment_status":"closed","ping_status":"closed","template":"","meta":{"footnotes":""},"class_list":["post-115","page","type-page","status-publish","has-post-thumbnail","hentry"],"featured_image_urls":{"full":["https:\/\/www.freibad-zilly.de\/wp-content\/uploads\/2019\/05\/IMG-20190602-WA0001.jpg",1200,900,false],"thumbnail":["https:\/\/www.freibad-zilly.de\/wp-content\/uploads\/2019\/05\/IMG-20190602-WA0001-150x150.jpg",150,150,true],"medium":["https:\/\/www.freibad-zilly.de\/wp-content\/uploads\/2019\/05\/IMG-20190602-WA0001-300x225.jpg",300,225,true],"medium_large":["https:\/\/www.freibad-zilly.de\/wp-content\/uploads\/2019\/05\/IMG-20190602-WA0001-768x576.jpg",768,576,true],"large":["https:\/\/www.freibad-zilly.de\/wp-content\/uploads\/2019\/05\/IMG-20190602-WA0001-1024x768.jpg",1024,768,true],"1536x1536":["https:\/\/www.freibad-zilly.de\/wp-content\/uploads\/2019\/05\/IMG-20190602-WA0001.jpg",1200,900,false],"2048x2048":["https:\/\/www.freibad-zilly.de\/wp-content\/uploads\/2019\/05\/IMG-20190602-WA0001.jpg",1200,900,false],"form-edit-image-preview":["https:\/\/www.freibad-zilly.de\/wp-content\/uploads\/2019\/05\/IMG-20190602-WA0001-155x116.jpg",155,116,true]},"post_excerpt_stackable":"<p>Hier ist unser AufnahmeantragHerunterladen Du m\u00f6chtest Mitglied in unserem Verein werden? Dann HEREINSPAZIERT! Wir freuen uns sehr, dich als neues Mitglied begr\u00fc\u00dfen zu d\u00fcrfen. Einfach den Aufnahmeantrag ausf\u00fcllen, unterschreiben und an uns per Email oder Post schicken. Oder du bringst ihn zu deinem n\u00e4chsten Besuch im Freibad mit. Wir freuen UNS immer \u00fcber neue Mitglieder, denn nur so kannst DU an der Erhaltung und \u00fcber die Zukunft des wundersch\u00f6nen Freibades mitbestimmen. Die Mitgliedskosten pro Jahr sind wie folgt: 30,00 EUR Kinder 40,00 EUR Erwachsener 60,00 EUR Familien \/ Ehepaare<\/p>\n","category_list":"","author_info":{"name":"Julia Sittner","url":"https:\/\/www.freibad-zilly.de\/?author=2"},"comments_num":"0 comments","featured_image_urls_v2":{"full":["https:\/\/www.freibad-zilly.de\/wp-content\/uploads\/2019\/05\/IMG-20190602-WA0001.jpg",1200,900,false],"thumbnail":["https:\/\/www.freibad-zilly.de\/wp-content\/uploads\/2019\/05\/IMG-20190602-WA0001-150x150.jpg",150,150,true],"medium":["https:\/\/www.freibad-zilly.de\/wp-content\/uploads\/2019\/05\/IMG-20190602-WA0001-300x225.jpg",300,225,true],"medium_large":["https:\/\/www.freibad-zilly.de\/wp-content\/uploads\/2019\/05\/IMG-20190602-WA0001-768x576.jpg",768,576,true],"large":["https:\/\/www.freibad-zilly.de\/wp-content\/uploads\/2019\/05\/IMG-20190602-WA0001-1024x768.jpg",1024,768,true],"1536x1536":["https:\/\/www.freibad-zilly.de\/wp-content\/uploads\/2019\/05\/IMG-20190602-WA0001.jpg",1200,900,false],"2048x2048":["https:\/\/www.freibad-zilly.de\/wp-content\/uploads\/2019\/05\/IMG-20190602-WA0001.jpg",1200,900,false],"form-edit-image-preview":["https:\/\/www.freibad-zilly.de\/wp-content\/uploads\/2019\/05\/IMG-20190602-WA0001-155x116.jpg",155,116,true]},"post_excerpt_stackable_v2":"<p>Hier ist unser AufnahmeantragHerunterladen Du m\u00f6chtest Mitglied in unserem Verein werden? Dann HEREINSPAZIERT! Wir freuen uns sehr, dich als neues Mitglied begr\u00fc\u00dfen zu d\u00fcrfen. Einfach den Aufnahmeantrag ausf\u00fcllen, unterschreiben und an uns per Email oder Post schicken. Oder du bringst ihn zu deinem n\u00e4chsten Besuch im Freibad mit. Wir freuen UNS immer \u00fcber neue Mitglieder, denn nur so kannst DU an der Erhaltung und \u00fcber die Zukunft des wundersch\u00f6nen Freibades mitbestimmen. Die Mitgliedskosten pro Jahr sind wie folgt: 30,00 EUR Kinder 40,00 EUR Erwachsener 60,00 EUR Familien \/ Ehepaare<\/p>\n","category_list_v2":"","author_info_v2":{"name":"Julia Sittner","url":"https:\/\/www.freibad-zilly.de\/?author=2"},"comments_num_v2":"0 comments","yoast_head":"<!-- This site is optimized with the Yoast SEO plugin v27.3 - https:\/\/yoast.com\/product\/yoast-seo-wordpress\/ -->\n<title>Mitglied werden - Freibad Zilly e.V.<\/title>\n<meta name=\"robots\" content=\"noindex, follow, max-snippet:-1, max-image-preview:large, max-video-preview:-1\" \/>\n<meta property=\"og:locale\" content=\"de_DE\" \/>\n<meta property=\"og:type\" content=\"article\" \/>\n<meta property=\"og:title\" content=\"Mitglied werden - Freibad Zilly e.V.\" \/>\n<meta property=\"og:description\" content=\"Du m\u00f6chtest Mitglied in unserem Verein werden? Dann HEREINSPAZIERT! Wir freuen uns sehr, dich als neues Mitglied begr\u00fc\u00dfen zu d\u00fcrfen. Einfach den Aufnahmeantrag ausf\u00fcllen, unterschreiben und an uns per Email oder Post schicken. Oder du bringst ihn zu deinem n\u00e4chsten Besuch im Freibad mit. Wir freuen UNS immer \u00fcber neue Mitglieder, denn nur so kannst [&hellip;]\" \/>\n<meta property=\"og:url\" content=\"https:\/\/www.freibad-zilly.de\/?page_id=115\" \/>\n<meta property=\"og:site_name\" content=\"Freibad Zilly e.V.\" \/>\n<meta property=\"article:modified_time\" content=\"2021-06-24T19:59:19+00:00\" \/>\n<meta property=\"og:image\" content=\"https:\/\/www.freibad-zilly.de\/wp-content\/uploads\/2019\/05\/IMG-20190602-WA0001.jpg\" \/>\n\t<meta property=\"og:image:width\" content=\"1200\" \/>\n\t<meta property=\"og:image:height\" content=\"900\" \/>\n\t<meta property=\"og:image:type\" content=\"image\/jpeg\" \/>\n<meta name=\"twitter:card\" content=\"summary_large_image\" \/>\n<script type=\"application\/ld+json\" class=\"yoast-schema-graph\">{\"@context\":\"https:\\\/\\\/schema.org\",\"@graph\":[{\"@type\":\"WebPage\",\"@id\":\"https:\\\/\\\/www.freibad-zilly.de\\\/?page_id=115\",\"url\":\"https:\\\/\\\/www.freibad-zilly.de\\\/?page_id=115\",\"name\":\"Mitglied werden - Freibad Zilly e.V.\",\"isPartOf\":{\"@id\":\"https:\\\/\\\/www.freibad-zilly.de\\\/#website\"},\"primaryImageOfPage\":{\"@id\":\"https:\\\/\\\/www.freibad-zilly.de\\\/?page_id=115#primaryimage\"},\"image\":{\"@id\":\"https:\\\/\\\/www.freibad-zilly.de\\\/?page_id=115#primaryimage\"},\"thumbnailUrl\":\"https:\\\/\\\/www.freibad-zilly.de\\\/wp-content\\\/uploads\\\/2019\\\/05\\\/IMG-20190602-WA0001.jpg\",\"datePublished\":\"2021-05-23T10:11:55+00:00\",\"dateModified\":\"2021-06-24T19:59:19+00:00\",\"breadcrumb\":{\"@id\":\"https:\\\/\\\/www.freibad-zilly.de\\\/?page_id=115#breadcrumb\"},\"inLanguage\":\"de\",\"potentialAction\":[{\"@type\":\"ReadAction\",\"target\":[\"https:\\\/\\\/www.freibad-zilly.de\\\/?page_id=115\"]}]},{\"@type\":\"ImageObject\",\"inLanguage\":\"de\",\"@id\":\"https:\\\/\\\/www.freibad-zilly.de\\\/?page_id=115#primaryimage\",\"url\":\"https:\\\/\\\/www.freibad-zilly.de\\\/wp-content\\\/uploads\\\/2019\\\/05\\\/IMG-20190602-WA0001.jpg\",\"contentUrl\":\"https:\\\/\\\/www.freibad-zilly.de\\\/wp-content\\\/uploads\\\/2019\\\/05\\\/IMG-20190602-WA0001.jpg\",\"width\":1200,\"height\":900},{\"@type\":\"BreadcrumbList\",\"@id\":\"https:\\\/\\\/www.freibad-zilly.de\\\/?page_id=115#breadcrumb\",\"itemListElement\":[{\"@type\":\"ListItem\",\"position\":1,\"name\":\"Start\",\"item\":\"https:\\\/\\\/www.freibad-zilly.de\\\/\"},{\"@type\":\"ListItem\",\"position\":2,\"name\":\"Mitglied werden\"}]},{\"@type\":\"WebSite\",\"@id\":\"https:\\\/\\\/www.freibad-zilly.de\\\/#website\",\"url\":\"https:\\\/\\\/www.freibad-zilly.de\\\/\",\"name\":\"Freibad Zilly e.V.\",\"description\":\"\",\"potentialAction\":[{\"@type\":\"SearchAction\",\"target\":{\"@type\":\"EntryPoint\",\"urlTemplate\":\"https:\\\/\\\/www.freibad-zilly.de\\\/?s={search_term_string}\"},\"query-input\":{\"@type\":\"PropertyValueSpecification\",\"valueRequired\":true,\"valueName\":\"search_term_string\"}}],\"inLanguage\":\"de\"}]}<\/script>\n<!-- \/ Yoast SEO plugin. -->","yoast_head_json":{"title":"Mitglied werden - Freibad Zilly e.V.","robots":{"index":"noindex","follow":"follow","max-snippet":"max-snippet:-1","max-image-preview":"max-image-preview:large","max-video-preview":"max-video-preview:-1"},"og_locale":"de_DE","og_type":"article","og_title":"Mitglied werden - Freibad Zilly e.V.","og_description":"Du m\u00f6chtest Mitglied in unserem Verein werden? Dann HEREINSPAZIERT! Wir freuen uns sehr, dich als neues Mitglied begr\u00fc\u00dfen zu d\u00fcrfen. Einfach den Aufnahmeantrag ausf\u00fcllen, unterschreiben und an uns per Email oder Post schicken. Oder du bringst ihn zu deinem n\u00e4chsten Besuch im Freibad mit. Wir freuen UNS immer \u00fcber neue Mitglieder, denn nur so kannst [&hellip;]","og_url":"https:\/\/www.freibad-zilly.de\/?page_id=115","og_site_name":"Freibad Zilly e.V.","article_modified_time":"2021-06-24T19:59:19+00:00","og_image":[{"width":1200,"height":900,"url":"https:\/\/www.freibad-zilly.de\/wp-content\/uploads\/2019\/05\/IMG-20190602-WA0001.jpg","type":"image\/jpeg"}],"twitter_card":"summary_large_image","schema":{"@context":"https:\/\/schema.org","@graph":[{"@type":"WebPage","@id":"https:\/\/www.freibad-zilly.de\/?page_id=115","url":"https:\/\/www.freibad-zilly.de\/?page_id=115","name":"Mitglied werden - Freibad Zilly e.V.","isPartOf":{"@id":"https:\/\/www.freibad-zilly.de\/#website"},"primaryImageOfPage":{"@id":"https:\/\/www.freibad-zilly.de\/?page_id=115#primaryimage"},"image":{"@id":"https:\/\/www.freibad-zilly.de\/?page_id=115#primaryimage"},"thumbnailUrl":"https:\/\/www.freibad-zilly.de\/wp-content\/uploads\/2019\/05\/IMG-20190602-WA0001.jpg","datePublished":"2021-05-23T10:11:55+00:00","dateModified":"2021-06-24T19:59:19+00:00","breadcrumb":{"@id":"https:\/\/www.freibad-zilly.de\/?page_id=115#breadcrumb"},"inLanguage":"de","potentialAction":[{"@type":"ReadAction","target":["https:\/\/www.freibad-zilly.de\/?page_id=115"]}]},{"@type":"ImageObject","inLanguage":"de","@id":"https:\/\/www.freibad-zilly.de\/?page_id=115#primaryimage","url":"https:\/\/www.freibad-zilly.de\/wp-content\/uploads\/2019\/05\/IMG-20190602-WA0001.jpg","contentUrl":"https:\/\/www.freibad-zilly.de\/wp-content\/uploads\/2019\/05\/IMG-20190602-WA0001.jpg","width":1200,"height":900},{"@type":"BreadcrumbList","@id":"https:\/\/www.freibad-zilly.de\/?page_id=115#breadcrumb","itemListElement":[{"@type":"ListItem","position":1,"name":"Start","item":"https:\/\/www.freibad-zilly.de\/"},{"@type":"ListItem","position":2,"name":"Mitglied werden"}]},{"@type":"WebSite","@id":"https:\/\/www.freibad-zilly.de\/#website","url":"https:\/\/www.freibad-zilly.de\/","name":"Freibad Zilly e.V.","description":"","potentialAction":[{"@type":"SearchAction","target":{"@type":"EntryPoint","urlTemplate":"https:\/\/www.freibad-zilly.de\/?s={search_term_string}"},"query-input":{"@type":"PropertyValueSpecification","valueRequired":true,"valueName":"search_term_string"}}],"inLanguage":"de"}]}},"_links":{"self":[{"href":"https:\/\/www.freibad-zilly.de\/index.php?rest_route=\/wp\/v2\/pages\/115","targetHints":{"allow":["GET"]}}],"collection":[{"href":"https:\/\/www.freibad-zilly.de\/index.php?rest_route=\/wp\/v2\/pages"}],"about":[{"href":"https:\/\/www.freibad-zilly.de\/index.php?rest_route=\/wp\/v2\/types\/page"}],"author":[{"embeddable":true,"href":"https:\/\/www.freibad-zilly.de\/index.php?rest_route=\/wp\/v2\/users\/2"}],"replies":[{"embeddable":true,"href":"https:\/\/www.freibad-zilly.de\/index.php?rest_route=%2Fwp%2Fv2%2Fcomments&post=115"}],"version-history":[{"count":7,"href":"https:\/\/www.freibad-zilly.de\/index.php?rest_route=\/wp\/v2\/pages\/115\/revisions"}],"predecessor-version":[{"id":236,"href":"https:\/\/www.freibad-zilly.de\/index.php?rest_route=\/wp\/v2\/pages\/115\/revisions\/236"}],"wp:featuredmedia":[{"embeddable":true,"href":"https:\/\/www.freibad-zilly.de\/index.php?rest_route=\/wp\/v2\/media\/82"}],"wp:attachment":[{"href":"https:\/\/www.freibad-zilly.de\/index.php?rest_route=%2Fwp%2Fv2%2Fmedia&parent=115"}],"curies":[{"name":"wp","href":"https:\/\/api.w.org\/{rel}","templated":true}]}}