{"id":116,"date":"2021-05-23T12:11:55","date_gmt":"2021-05-23T10:11:55","guid":{"rendered":"https:\/\/www.freibad-zilly.de\/?page_id=116"},"modified":"2024-07-12T13:35:03","modified_gmt":"2024-07-12T11:35:03","slug":"oeffnungszeiten-und-preise","status":"publish","type":"page","link":"https:\/\/www.freibad-zilly.de\/?page_id=116","title":{"rendered":"\u00d6ffnungszeiten und Eintrittspreise"},"content":{"rendered":"\n<p>Die Badesaison startet am 01.06. bis 31.08. eines jeden Jahres \u2013 bei sch\u00f6nem Wetter auch l\u00e4nger. Bei schlechten Witterungsverh\u00e4ltnissen kann das Freibad geschlossen bleiben. <\/p>\n\n\n\n<p style=\"font-size:clamp(15.747px, 0.984rem + ((1vw - 3.2px) * 0.809), 24px);px\"><strong><u>\u00d6ffnungszeiten:<\/u><\/strong><\/p>\n\n\n\n<p>Montag &#8211; Freitag                       <\/p>\n\n\n\n<p>14:00 bis 19:00 Uhr<\/p>\n\n\n\n<div class=\"wp-block-columns is-layout-flex wp-container-core-columns-is-layout-28f84493 wp-block-columns-is-layout-flex\">\n<div class=\"wp-block-column is-layout-flow wp-block-column-is-layout-flow\"><\/div>\n\n\n\n<div class=\"wp-block-column is-layout-flow wp-block-column-is-layout-flow\"><\/div>\n<\/div>\n\n\n\n<p>Samstag\/Sonntag\/Feiertag      <\/p>\n\n\n\n<p>12:00 bis 19:00 Uhr&nbsp;<\/p>\n\n\n\n<div class=\"wp-block-columns is-layout-flex wp-container-core-columns-is-layout-28f84493 wp-block-columns-is-layout-flex\">\n<div class=\"wp-block-column is-layout-flow wp-block-column-is-layout-flow\"><\/div>\n\n\n\n<div class=\"wp-block-column is-layout-flow wp-block-column-is-layout-flow\"><\/div>\n<\/div>\n\n\n\n<p>Ferienzeit in Sachsen-Anhalt  <\/p>\n\n\n\n<p>Montag bis Freitag 13:00 bis 20:00 Uhr<\/p>\n\n\n\n<p>Samstag\/Sonntag\/Feiertag 12:00 bis 20:00 Uhr<\/p>\n\n\n\n<p><\/p>\n\n\n\n<p>K\u00fcchenschluss jeweils um 19:00 Uhr<\/p>\n\n\n\n<div class=\"wp-block-columns is-layout-flex wp-container-core-columns-is-layout-28f84493 wp-block-columns-is-layout-flex\">\n<div class=\"wp-block-column is-layout-flow wp-block-column-is-layout-flow\"><\/div>\n\n\n\n<div class=\"wp-block-column is-layout-flow wp-block-column-is-layout-flow\"><\/div>\n<\/div>\n\n\n\n<p style=\"font-size:clamp(15.747px, 0.984rem + ((1vw - 3.2px) * 0.809), 24px);px\"><strong><em><u>Eintrittspreise:<\/u><\/em>&nbsp;&nbsp;&nbsp;&nbsp;&nbsp;&nbsp;&nbsp;&nbsp;&nbsp;&nbsp;&nbsp;&nbsp;<\/strong>&nbsp;&nbsp;&nbsp;&nbsp;&nbsp;&nbsp;&nbsp;&nbsp;&nbsp;&nbsp;&nbsp;&nbsp;&nbsp;&nbsp;&nbsp;&nbsp;&nbsp;&nbsp;&nbsp;&nbsp;&nbsp;&nbsp;&nbsp;&nbsp;&nbsp;&nbsp;&nbsp;&nbsp;&nbsp;&nbsp;&nbsp;&nbsp;&nbsp;&nbsp;&nbsp;&nbsp;&nbsp;&nbsp;&nbsp;&nbsp;&nbsp;&nbsp;&nbsp;&nbsp;&nbsp;&nbsp;&nbsp;&nbsp;&nbsp;&nbsp;&nbsp;&nbsp;&nbsp;&nbsp;&nbsp;&nbsp;&nbsp;&nbsp;&nbsp;&nbsp;&nbsp;&nbsp; <\/p>\n\n\n\n<p><strong>Tageskarten<\/strong>: &nbsp;<\/p>\n\n\n\n<p>Erwachsene 3,50\u20ac (ab 18:00 Uhr 1,50\u20ac)\u00a0\u00a0\u00a0\u00a0\u00a0\u00a0\u00a0\u00a0\u00a0\u00a0\u00a0\u00a0\u00a0\u00a0\u00a0\u00a0\u00a0\u00a0\u00a0\u00a0\u00a0\u00a0\u00a0\u00a0\u00a0\u00a0\u00a0\u00a0\u00a0\u00a0\u00a0\u00a0\u00a0\u00a0\u00a0\u00a0\u00a0\u00a0\u00a0\u00a0\u00a0 <\/p>\n\n\n\n<p>Kinder ab 3 Jahre 1,50\u20ac&nbsp;&nbsp;&nbsp;&nbsp;&nbsp;&nbsp;&nbsp;&nbsp;&nbsp;&nbsp;&nbsp;&nbsp;&nbsp;&nbsp;&nbsp;&nbsp;&nbsp;&nbsp;&nbsp;&nbsp;&nbsp;&nbsp;&nbsp;&nbsp;&nbsp;&nbsp;&nbsp;&nbsp;&nbsp;&nbsp;&nbsp;&nbsp;&nbsp;&nbsp;&nbsp;&nbsp;&nbsp;&nbsp;&nbsp;<\/p>\n\n\n\n<p>Besucherkarte 1,50\u20ac (G\u00e4ste, die die Schwimmbecken nicht nutzen m\u00f6chten)<\/p>\n\n\n\n<div class=\"wp-block-columns is-layout-flex wp-container-core-columns-is-layout-28f84493 wp-block-columns-is-layout-flex\">\n<div class=\"wp-block-column is-layout-flow wp-block-column-is-layout-flow\"><\/div>\n\n\n\n<div class=\"wp-block-column is-layout-flow wp-block-column-is-layout-flow\"><\/div>\n<\/div>\n\n\n\n<p><strong>Zehnerkarte<\/strong>: <\/p>\n\n\n\n<p>Erwachsene 30,00\u20ac&nbsp;<\/p>\n\n\n\n<p>Kinder 13,00\u20ac<\/p>\n\n\n\n<p><\/p>\n","protected":false},"excerpt":{"rendered":"<p>Die Badesaison startet am 01.06. bis 31.08. eines jeden Jahres \u2013 bei sch\u00f6nem Wetter auch l\u00e4nger. Bei schlechten Witterungsverh\u00e4ltnissen kann das Freibad geschlossen bleiben. \u00d6ffnungszeiten: Montag &#8211; Freitag 14:00 bis 19:00 Uhr Samstag\/Sonntag\/Feiertag 12:00 bis 19:00 Uhr&nbsp; Ferienzeit in Sachsen-Anhalt Montag bis Freitag 13:00 bis 20:00 Uhr Samstag\/Sonntag\/Feiertag 12:00 bis 20:00 Uhr K\u00fcchenschluss jeweils um [&hellip;]<\/p>\n","protected":false},"author":2,"featured_media":0,"parent":0,"menu_order":0,"comment_status":"closed","ping_status":"closed","template":"","meta":{"footnotes":""},"class_list":["post-116","page","type-page","status-publish","hentry"],"featured_image_urls":{"full":"","thumbnail":"","medium":"","medium_large":"","large":"","1536x1536":"","2048x2048":"","form-edit-image-preview":""},"post_excerpt_stackable":"<p>Die Badesaison startet am 01.06. bis 31.08. eines jeden Jahres \u2013 bei sch\u00f6nem Wetter auch l\u00e4nger. Bei schlechten Witterungsverh\u00e4ltnissen kann das Freibad geschlossen bleiben. \u00d6ffnungszeiten: Montag &#8211; Freitag 14:00 bis 19:00 Uhr Samstag\/Sonntag\/Feiertag 12:00 bis 19:00 Uhr&nbsp; Ferienzeit in Sachsen-Anhalt Montag bis Freitag 13:00 bis 20:00 Uhr Samstag\/Sonntag\/Feiertag 12:00 bis 20:00 Uhr K\u00fcchenschluss jeweils um 19:00 Uhr Eintrittspreise:&nbsp;&nbsp;&nbsp;&nbsp;&nbsp;&nbsp;&nbsp;&nbsp;&nbsp;&nbsp;&nbsp;&nbsp;&nbsp;&nbsp;&nbsp;&nbsp;&nbsp;&nbsp;&nbsp;&nbsp;&nbsp;&nbsp;&nbsp;&nbsp;&nbsp;&nbsp;&nbsp;&nbsp;&nbsp;&nbsp;&nbsp;&nbsp;&nbsp;&nbsp;&nbsp;&nbsp;&nbsp;&nbsp;&nbsp;&nbsp;&nbsp;&nbsp;&nbsp;&nbsp;&nbsp;&nbsp;&nbsp;&nbsp;&nbsp;&nbsp;&nbsp;&nbsp;&nbsp;&nbsp;&nbsp;&nbsp;&nbsp;&nbsp;&nbsp;&nbsp;&nbsp;&nbsp;&nbsp;&nbsp;&nbsp;&nbsp;&nbsp;&nbsp;&nbsp;&nbsp;&nbsp;&nbsp;&nbsp;&nbsp; Tageskarten: &nbsp; Erwachsene 3,50\u20ac (ab 18:00 Uhr 1,50\u20ac)\u00a0\u00a0\u00a0\u00a0\u00a0\u00a0\u00a0\u00a0\u00a0\u00a0\u00a0\u00a0\u00a0\u00a0\u00a0\u00a0\u00a0\u00a0\u00a0\u00a0\u00a0\u00a0\u00a0\u00a0\u00a0\u00a0\u00a0\u00a0\u00a0\u00a0\u00a0\u00a0\u00a0\u00a0\u00a0\u00a0\u00a0\u00a0\u00a0\u00a0\u00a0 Kinder ab 3 Jahre 1,50\u20ac&nbsp;&nbsp;&nbsp;&nbsp;&nbsp;&nbsp;&nbsp;&nbsp;&nbsp;&nbsp;&nbsp;&nbsp;&nbsp;&nbsp;&nbsp;&nbsp;&nbsp;&nbsp;&nbsp;&nbsp;&nbsp;&nbsp;&nbsp;&nbsp;&nbsp;&nbsp;&nbsp;&nbsp;&nbsp;&nbsp;&nbsp;&nbsp;&nbsp;&nbsp;&nbsp;&nbsp;&nbsp;&nbsp;&nbsp; Besucherkarte 1,50\u20ac (G\u00e4ste, die die Schwimmbecken nicht nutzen m\u00f6chten) Zehnerkarte: Erwachsene 30,00\u20ac&nbsp; Kinder 13,00\u20ac<\/p>\n","category_list":"","author_info":{"name":"Julia Sittner","url":"https:\/\/www.freibad-zilly.de\/?author=2"},"comments_num":"0 comments","featured_image_urls_v2":{"full":"","thumbnail":"","medium":"","medium_large":"","large":"","1536x1536":"","2048x2048":"","form-edit-image-preview":""},"post_excerpt_stackable_v2":"<p>Die Badesaison startet am 01.06. bis 31.08. eines jeden Jahres \u2013 bei sch\u00f6nem Wetter auch l\u00e4nger. Bei schlechten Witterungsverh\u00e4ltnissen kann das Freibad geschlossen bleiben. \u00d6ffnungszeiten: Montag &#8211; Freitag 14:00 bis 19:00 Uhr Samstag\/Sonntag\/Feiertag 12:00 bis 19:00 Uhr&nbsp; Ferienzeit in Sachsen-Anhalt Montag bis Freitag 13:00 bis 20:00 Uhr Samstag\/Sonntag\/Feiertag 12:00 bis 20:00 Uhr K\u00fcchenschluss jeweils um 19:00 Uhr Eintrittspreise:&nbsp;&nbsp;&nbsp;&nbsp;&nbsp;&nbsp;&nbsp;&nbsp;&nbsp;&nbsp;&nbsp;&nbsp;&nbsp;&nbsp;&nbsp;&nbsp;&nbsp;&nbsp;&nbsp;&nbsp;&nbsp;&nbsp;&nbsp;&nbsp;&nbsp;&nbsp;&nbsp;&nbsp;&nbsp;&nbsp;&nbsp;&nbsp;&nbsp;&nbsp;&nbsp;&nbsp;&nbsp;&nbsp;&nbsp;&nbsp;&nbsp;&nbsp;&nbsp;&nbsp;&nbsp;&nbsp;&nbsp;&nbsp;&nbsp;&nbsp;&nbsp;&nbsp;&nbsp;&nbsp;&nbsp;&nbsp;&nbsp;&nbsp;&nbsp;&nbsp;&nbsp;&nbsp;&nbsp;&nbsp;&nbsp;&nbsp;&nbsp;&nbsp;&nbsp;&nbsp;&nbsp;&nbsp;&nbsp;&nbsp; Tageskarten: &nbsp; Erwachsene 3,50\u20ac (ab 18:00 Uhr 1,50\u20ac)\u00a0\u00a0\u00a0\u00a0\u00a0\u00a0\u00a0\u00a0\u00a0\u00a0\u00a0\u00a0\u00a0\u00a0\u00a0\u00a0\u00a0\u00a0\u00a0\u00a0\u00a0\u00a0\u00a0\u00a0\u00a0\u00a0\u00a0\u00a0\u00a0\u00a0\u00a0\u00a0\u00a0\u00a0\u00a0\u00a0\u00a0\u00a0\u00a0\u00a0\u00a0 Kinder ab 3 Jahre 1,50\u20ac&nbsp;&nbsp;&nbsp;&nbsp;&nbsp;&nbsp;&nbsp;&nbsp;&nbsp;&nbsp;&nbsp;&nbsp;&nbsp;&nbsp;&nbsp;&nbsp;&nbsp;&nbsp;&nbsp;&nbsp;&nbsp;&nbsp;&nbsp;&nbsp;&nbsp;&nbsp;&nbsp;&nbsp;&nbsp;&nbsp;&nbsp;&nbsp;&nbsp;&nbsp;&nbsp;&nbsp;&nbsp;&nbsp;&nbsp; Besucherkarte 1,50\u20ac (G\u00e4ste, die die Schwimmbecken nicht nutzen m\u00f6chten) Zehnerkarte: Erwachsene 30,00\u20ac&nbsp; Kinder 13,00\u20ac<\/p>\n","category_list_v2":"","author_info_v2":{"name":"Julia Sittner","url":"https:\/\/www.freibad-zilly.de\/?author=2"},"comments_num_v2":"0 comments","yoast_head":"<!-- This site is optimized with the Yoast SEO plugin v27.3 - https:\/\/yoast.com\/product\/yoast-seo-wordpress\/ -->\n<title>\u00d6ffnungszeiten und Eintrittspreise - Freibad Zilly e.V.<\/title>\n<meta name=\"robots\" content=\"noindex, follow, max-snippet:-1, max-image-preview:large, max-video-preview:-1\" \/>\n<meta property=\"og:locale\" content=\"de_DE\" \/>\n<meta property=\"og:type\" content=\"article\" \/>\n<meta property=\"og:title\" content=\"\u00d6ffnungszeiten und Eintrittspreise - Freibad Zilly e.V.\" \/>\n<meta property=\"og:description\" content=\"Die Badesaison startet am 01.06. bis 31.08. eines jeden Jahres \u2013 bei sch\u00f6nem Wetter auch l\u00e4nger. Bei schlechten Witterungsverh\u00e4ltnissen kann das Freibad geschlossen bleiben. \u00d6ffnungszeiten: Montag &#8211; Freitag 14:00 bis 19:00 Uhr Samstag\/Sonntag\/Feiertag 12:00 bis 19:00 Uhr&nbsp; Ferienzeit in Sachsen-Anhalt Montag bis Freitag 13:00 bis 20:00 Uhr Samstag\/Sonntag\/Feiertag 12:00 bis 20:00 Uhr K\u00fcchenschluss jeweils um [&hellip;]\" \/>\n<meta property=\"og:url\" content=\"https:\/\/www.freibad-zilly.de\/?page_id=116\" \/>\n<meta property=\"og:site_name\" content=\"Freibad Zilly e.V.\" \/>\n<meta property=\"article:modified_time\" content=\"2024-07-12T11:35:03+00:00\" \/>\n<meta name=\"twitter:card\" content=\"summary_large_image\" \/>\n<meta name=\"twitter:label1\" content=\"Gesch\u00e4tzte Lesezeit\" \/>\n\t<meta name=\"twitter:data1\" content=\"1\u00a0Minute\" \/>\n<script type=\"application\/ld+json\" class=\"yoast-schema-graph\">{\"@context\":\"https:\\\/\\\/schema.org\",\"@graph\":[{\"@type\":\"WebPage\",\"@id\":\"https:\\\/\\\/www.freibad-zilly.de\\\/?page_id=116\",\"url\":\"https:\\\/\\\/www.freibad-zilly.de\\\/?page_id=116\",\"name\":\"\u00d6ffnungszeiten und Eintrittspreise - Freibad Zilly e.V.\",\"isPartOf\":{\"@id\":\"https:\\\/\\\/www.freibad-zilly.de\\\/#website\"},\"datePublished\":\"2021-05-23T10:11:55+00:00\",\"dateModified\":\"2024-07-12T11:35:03+00:00\",\"breadcrumb\":{\"@id\":\"https:\\\/\\\/www.freibad-zilly.de\\\/?page_id=116#breadcrumb\"},\"inLanguage\":\"de\",\"potentialAction\":[{\"@type\":\"ReadAction\",\"target\":[\"https:\\\/\\\/www.freibad-zilly.de\\\/?page_id=116\"]}]},{\"@type\":\"BreadcrumbList\",\"@id\":\"https:\\\/\\\/www.freibad-zilly.de\\\/?page_id=116#breadcrumb\",\"itemListElement\":[{\"@type\":\"ListItem\",\"position\":1,\"name\":\"Start\",\"item\":\"https:\\\/\\\/www.freibad-zilly.de\\\/\"},{\"@type\":\"ListItem\",\"position\":2,\"name\":\"\u00d6ffnungszeiten und Eintrittspreise\"}]},{\"@type\":\"WebSite\",\"@id\":\"https:\\\/\\\/www.freibad-zilly.de\\\/#website\",\"url\":\"https:\\\/\\\/www.freibad-zilly.de\\\/\",\"name\":\"Freibad Zilly e.V.\",\"description\":\"\",\"potentialAction\":[{\"@type\":\"SearchAction\",\"target\":{\"@type\":\"EntryPoint\",\"urlTemplate\":\"https:\\\/\\\/www.freibad-zilly.de\\\/?s={search_term_string}\"},\"query-input\":{\"@type\":\"PropertyValueSpecification\",\"valueRequired\":true,\"valueName\":\"search_term_string\"}}],\"inLanguage\":\"de\"}]}<\/script>\n<!-- \/ Yoast SEO plugin. -->","yoast_head_json":{"title":"\u00d6ffnungszeiten und Eintrittspreise - Freibad Zilly e.V.","robots":{"index":"noindex","follow":"follow","max-snippet":"max-snippet:-1","max-image-preview":"max-image-preview:large","max-video-preview":"max-video-preview:-1"},"og_locale":"de_DE","og_type":"article","og_title":"\u00d6ffnungszeiten und Eintrittspreise - Freibad Zilly e.V.","og_description":"Die Badesaison startet am 01.06. bis 31.08. eines jeden Jahres \u2013 bei sch\u00f6nem Wetter auch l\u00e4nger. Bei schlechten Witterungsverh\u00e4ltnissen kann das Freibad geschlossen bleiben. \u00d6ffnungszeiten: Montag &#8211; Freitag 14:00 bis 19:00 Uhr Samstag\/Sonntag\/Feiertag 12:00 bis 19:00 Uhr&nbsp; Ferienzeit in Sachsen-Anhalt Montag bis Freitag 13:00 bis 20:00 Uhr Samstag\/Sonntag\/Feiertag 12:00 bis 20:00 Uhr K\u00fcchenschluss jeweils um [&hellip;]","og_url":"https:\/\/www.freibad-zilly.de\/?page_id=116","og_site_name":"Freibad Zilly e.V.","article_modified_time":"2024-07-12T11:35:03+00:00","twitter_card":"summary_large_image","twitter_misc":{"Gesch\u00e4tzte Lesezeit":"1\u00a0Minute"},"schema":{"@context":"https:\/\/schema.org","@graph":[{"@type":"WebPage","@id":"https:\/\/www.freibad-zilly.de\/?page_id=116","url":"https:\/\/www.freibad-zilly.de\/?page_id=116","name":"\u00d6ffnungszeiten und Eintrittspreise - Freibad Zilly e.V.","isPartOf":{"@id":"https:\/\/www.freibad-zilly.de\/#website"},"datePublished":"2021-05-23T10:11:55+00:00","dateModified":"2024-07-12T11:35:03+00:00","breadcrumb":{"@id":"https:\/\/www.freibad-zilly.de\/?page_id=116#breadcrumb"},"inLanguage":"de","potentialAction":[{"@type":"ReadAction","target":["https:\/\/www.freibad-zilly.de\/?page_id=116"]}]},{"@type":"BreadcrumbList","@id":"https:\/\/www.freibad-zilly.de\/?page_id=116#breadcrumb","itemListElement":[{"@type":"ListItem","position":1,"name":"Start","item":"https:\/\/www.freibad-zilly.de\/"},{"@type":"ListItem","position":2,"name":"\u00d6ffnungszeiten und Eintrittspreise"}]},{"@type":"WebSite","@id":"https:\/\/www.freibad-zilly.de\/#website","url":"https:\/\/www.freibad-zilly.de\/","name":"Freibad Zilly e.V.","description":"","potentialAction":[{"@type":"SearchAction","target":{"@type":"EntryPoint","urlTemplate":"https:\/\/www.freibad-zilly.de\/?s={search_term_string}"},"query-input":{"@type":"PropertyValueSpecification","valueRequired":true,"valueName":"search_term_string"}}],"inLanguage":"de"}]}},"_links":{"self":[{"href":"https:\/\/www.freibad-zilly.de\/index.php?rest_route=\/wp\/v2\/pages\/116","targetHints":{"allow":["GET"]}}],"collection":[{"href":"https:\/\/www.freibad-zilly.de\/index.php?rest_route=\/wp\/v2\/pages"}],"about":[{"href":"https:\/\/www.freibad-zilly.de\/index.php?rest_route=\/wp\/v2\/types\/page"}],"author":[{"embeddable":true,"href":"https:\/\/www.freibad-zilly.de\/index.php?rest_route=\/wp\/v2\/users\/2"}],"replies":[{"embeddable":true,"href":"https:\/\/www.freibad-zilly.de\/index.php?rest_route=%2Fwp%2Fv2%2Fcomments&post=116"}],"version-history":[{"count":15,"href":"https:\/\/www.freibad-zilly.de\/index.php?rest_route=\/wp\/v2\/pages\/116\/revisions"}],"predecessor-version":[{"id":281,"href":"https:\/\/www.freibad-zilly.de\/index.php?rest_route=\/wp\/v2\/pages\/116\/revisions\/281"}],"wp:attachment":[{"href":"https:\/\/www.freibad-zilly.de\/index.php?rest_route=%2Fwp%2Fv2%2Fmedia&parent=116"}],"curies":[{"name":"wp","href":"https:\/\/api.w.org\/{rel}","templated":true}]}}